{"id":186,"date":"2020-10-03T18:32:57","date_gmt":"2020-10-03T18:32:57","guid":{"rendered":"http:\/\/buracadasgrellas.es\/historia\/?page_id=186"},"modified":"2020-10-19T12:22:48","modified_gmt":"2020-10-19T12:22:48","slug":"noceda","status":"publish","type":"page","link":"https:\/\/buracadasgrellas.es\/historia\/?page_id=186","title":{"rendered":"NOCEDA"},"content":{"rendered":"\n<p>Marqu\u00e9s da ensenada s\u00e9culo XVIII<\/p>\n\n\n\n<figure class=\"wp-block-gallery columns-1 is-cropped wp-block-gallery-1 is-layout-flex wp-block-gallery-is-layout-flex\"><ul class=\"blocks-gallery-grid\"><li class=\"blocks-gallery-item\"><figure><img loading=\"lazy\" decoding=\"async\" width=\"710\" height=\"1024\" src=\"http:\/\/buracadasgrellas.es\/historia\/wp-content\/uploads\/2020\/10\/1-710x1024.jpg\" alt=\"\" data-id=\"444\" data-full-url=\"http:\/\/buracadasgrellas.es\/historia\/wp-content\/uploads\/2020\/10\/1.jpg\" data-link=\"http:\/\/buracadasgrellas.es\/historia\/uncategorized\/historia-de-teixeira\/attachment\/1\/\" class=\"wp-image-444\" srcset=\"https:\/\/buracadasgrellas.es\/historia\/wp-content\/uploads\/2020\/10\/1-710x1024.jpg 710w, https:\/\/buracadasgrellas.es\/historia\/wp-content\/uploads\/2020\/10\/1-208x300.jpg 208w, https:\/\/buracadasgrellas.es\/historia\/wp-content\/uploads\/2020\/10\/1-768x1107.jpg 768w, https:\/\/buracadasgrellas.es\/historia\/wp-content\/uploads\/2020\/10\/1.jpg 956w\" sizes=\"(max-width: 710px) 100vw, 710px\" \/><\/figure><\/li><li class=\"blocks-gallery-item\"><figure><img loading=\"lazy\" decoding=\"async\" width=\"1024\" height=\"790\" src=\"http:\/\/buracadasgrellas.es\/historia\/wp-content\/uploads\/2020\/10\/8-1024x790.jpg\" alt=\"\" data-id=\"452\" data-full-url=\"http:\/\/buracadasgrellas.es\/historia\/wp-content\/uploads\/2020\/10\/8.jpg\" data-link=\"http:\/\/buracadasgrellas.es\/historia\/uncategorized\/historia-de-teixeira\/attachment\/8\/\" class=\"wp-image-452\" srcset=\"https:\/\/buracadasgrellas.es\/historia\/wp-content\/uploads\/2020\/10\/8-1024x790.jpg 1024w, https:\/\/buracadasgrellas.es\/historia\/wp-content\/uploads\/2020\/10\/8-300x231.jpg 300w, https:\/\/buracadasgrellas.es\/historia\/wp-content\/uploads\/2020\/10\/8-768x593.jpg 768w, https:\/\/buracadasgrellas.es\/historia\/wp-content\/uploads\/2020\/10\/8-1536x1185.jpg 1536w, https:\/\/buracadasgrellas.es\/historia\/wp-content\/uploads\/2020\/10\/8-389x300.jpg 389w, https:\/\/buracadasgrellas.es\/historia\/wp-content\/uploads\/2020\/10\/8.jpg 1786w\" sizes=\"(max-width: 1024px) 100vw, 1024px\" \/><\/figure><\/li><li class=\"blocks-gallery-item\"><figure><img loading=\"lazy\" decoding=\"async\" width=\"1024\" height=\"790\" src=\"http:\/\/buracadasgrellas.es\/historia\/wp-content\/uploads\/2020\/10\/7-1024x790.jpg\" alt=\"\" data-id=\"451\" data-full-url=\"http:\/\/buracadasgrellas.es\/historia\/wp-content\/uploads\/2020\/10\/7.jpg\" data-link=\"http:\/\/buracadasgrellas.es\/historia\/uncategorized\/historia-de-teixeira\/attachment\/7\/\" class=\"wp-image-451\" srcset=\"https:\/\/buracadasgrellas.es\/historia\/wp-content\/uploads\/2020\/10\/7-1024x790.jpg 1024w, https:\/\/buracadasgrellas.es\/historia\/wp-content\/uploads\/2020\/10\/7-300x231.jpg 300w, https:\/\/buracadasgrellas.es\/historia\/wp-content\/uploads\/2020\/10\/7-768x593.jpg 768w, https:\/\/buracadasgrellas.es\/historia\/wp-content\/uploads\/2020\/10\/7-1536x1185.jpg 1536w, https:\/\/buracadasgrellas.es\/historia\/wp-content\/uploads\/2020\/10\/7-389x300.jpg 389w, https:\/\/buracadasgrellas.es\/historia\/wp-content\/uploads\/2020\/10\/7.jpg 1786w\" sizes=\"(max-width: 1024px) 100vw, 1024px\" \/><\/figure><\/li><li class=\"blocks-gallery-item\"><figure><img loading=\"lazy\" decoding=\"async\" width=\"1024\" height=\"790\" src=\"http:\/\/buracadasgrellas.es\/historia\/wp-content\/uploads\/2020\/10\/6-1024x790.jpg\" alt=\"\" data-id=\"449\" data-full-url=\"http:\/\/buracadasgrellas.es\/historia\/wp-content\/uploads\/2020\/10\/6.jpg\" data-link=\"http:\/\/buracadasgrellas.es\/historia\/uncategorized\/historia-de-teixeira\/attachment\/6\/\" class=\"wp-image-449\" srcset=\"https:\/\/buracadasgrellas.es\/historia\/wp-content\/uploads\/2020\/10\/6-1024x790.jpg 1024w, https:\/\/buracadasgrellas.es\/historia\/wp-content\/uploads\/2020\/10\/6-300x231.jpg 300w, https:\/\/buracadasgrellas.es\/historia\/wp-content\/uploads\/2020\/10\/6-768x593.jpg 768w, https:\/\/buracadasgrellas.es\/historia\/wp-content\/uploads\/2020\/10\/6-1536x1185.jpg 1536w, https:\/\/buracadasgrellas.es\/historia\/wp-content\/uploads\/2020\/10\/6-389x300.jpg 389w, https:\/\/buracadasgrellas.es\/historia\/wp-content\/uploads\/2020\/10\/6.jpg 1786w\" sizes=\"(max-width: 1024px) 100vw, 1024px\" \/><\/figure><\/li><li class=\"blocks-gallery-item\"><figure><img loading=\"lazy\" decoding=\"async\" width=\"1024\" height=\"790\" src=\"http:\/\/buracadasgrellas.es\/historia\/wp-content\/uploads\/2020\/10\/5-1024x790.jpg\" alt=\"\" data-id=\"448\" data-full-url=\"http:\/\/buracadasgrellas.es\/historia\/wp-content\/uploads\/2020\/10\/5.jpg\" data-link=\"http:\/\/buracadasgrellas.es\/historia\/uncategorized\/historia-de-teixeira\/attachment\/5\/\" class=\"wp-image-448\" srcset=\"https:\/\/buracadasgrellas.es\/historia\/wp-content\/uploads\/2020\/10\/5-1024x790.jpg 1024w, https:\/\/buracadasgrellas.es\/historia\/wp-content\/uploads\/2020\/10\/5-300x231.jpg 300w, https:\/\/buracadasgrellas.es\/historia\/wp-content\/uploads\/2020\/10\/5-768x593.jpg 768w, https:\/\/buracadasgrellas.es\/historia\/wp-content\/uploads\/2020\/10\/5-1536x1185.jpg 1536w, https:\/\/buracadasgrellas.es\/historia\/wp-content\/uploads\/2020\/10\/5-389x300.jpg 389w, https:\/\/buracadasgrellas.es\/historia\/wp-content\/uploads\/2020\/10\/5.jpg 1786w\" sizes=\"(max-width: 1024px) 100vw, 1024px\" \/><\/figure><\/li><li class=\"blocks-gallery-item\"><figure><img loading=\"lazy\" decoding=\"async\" width=\"1024\" height=\"790\" src=\"http:\/\/buracadasgrellas.es\/historia\/wp-content\/uploads\/2020\/10\/4-1024x790.jpg\" alt=\"\" data-id=\"447\" data-full-url=\"http:\/\/buracadasgrellas.es\/historia\/wp-content\/uploads\/2020\/10\/4.jpg\" data-link=\"http:\/\/buracadasgrellas.es\/historia\/uncategorized\/historia-de-teixeira\/attachment\/4\/\" class=\"wp-image-447\" srcset=\"https:\/\/buracadasgrellas.es\/historia\/wp-content\/uploads\/2020\/10\/4-1024x790.jpg 1024w, https:\/\/buracadasgrellas.es\/historia\/wp-content\/uploads\/2020\/10\/4-300x231.jpg 300w, https:\/\/buracadasgrellas.es\/historia\/wp-content\/uploads\/2020\/10\/4-768x593.jpg 768w, https:\/\/buracadasgrellas.es\/historia\/wp-content\/uploads\/2020\/10\/4-1536x1185.jpg 1536w, https:\/\/buracadasgrellas.es\/historia\/wp-content\/uploads\/2020\/10\/4-389x300.jpg 389w, https:\/\/buracadasgrellas.es\/historia\/wp-content\/uploads\/2020\/10\/4.jpg 1786w\" sizes=\"(max-width: 1024px) 100vw, 1024px\" \/><\/figure><\/li><li class=\"blocks-gallery-item\"><figure><img loading=\"lazy\" decoding=\"async\" width=\"1024\" height=\"790\" src=\"http:\/\/buracadasgrellas.es\/historia\/wp-content\/uploads\/2020\/10\/3-1024x790.jpg\" alt=\"\" data-id=\"446\" data-full-url=\"http:\/\/buracadasgrellas.es\/historia\/wp-content\/uploads\/2020\/10\/3.jpg\" data-link=\"http:\/\/buracadasgrellas.es\/historia\/uncategorized\/historia-de-teixeira\/attachment\/3\/\" class=\"wp-image-446\" srcset=\"https:\/\/buracadasgrellas.es\/historia\/wp-content\/uploads\/2020\/10\/3-1024x790.jpg 1024w, https:\/\/buracadasgrellas.es\/historia\/wp-content\/uploads\/2020\/10\/3-300x231.jpg 300w, https:\/\/buracadasgrellas.es\/historia\/wp-content\/uploads\/2020\/10\/3-768x593.jpg 768w, https:\/\/buracadasgrellas.es\/historia\/wp-content\/uploads\/2020\/10\/3-1536x1185.jpg 1536w, https:\/\/buracadasgrellas.es\/historia\/wp-content\/uploads\/2020\/10\/3-389x300.jpg 389w, https:\/\/buracadasgrellas.es\/historia\/wp-content\/uploads\/2020\/10\/3.jpg 1786w\" sizes=\"(max-width: 1024px) 100vw, 1024px\" \/><\/figure><\/li><li class=\"blocks-gallery-item\"><figure><img loading=\"lazy\" decoding=\"async\" width=\"1024\" height=\"790\" src=\"http:\/\/buracadasgrellas.es\/historia\/wp-content\/uploads\/2020\/10\/2-1024x790.jpg\" alt=\"\" data-id=\"445\" data-full-url=\"http:\/\/buracadasgrellas.es\/historia\/wp-content\/uploads\/2020\/10\/2.jpg\" data-link=\"http:\/\/buracadasgrellas.es\/historia\/uncategorized\/historia-de-teixeira\/attachment\/2\/\" class=\"wp-image-445\" srcset=\"https:\/\/buracadasgrellas.es\/historia\/wp-content\/uploads\/2020\/10\/2-1024x790.jpg 1024w, https:\/\/buracadasgrellas.es\/historia\/wp-content\/uploads\/2020\/10\/2-300x231.jpg 300w, https:\/\/buracadasgrellas.es\/historia\/wp-content\/uploads\/2020\/10\/2-768x593.jpg 768w, https:\/\/buracadasgrellas.es\/historia\/wp-content\/uploads\/2020\/10\/2-1536x1185.jpg 1536w, https:\/\/buracadasgrellas.es\/historia\/wp-content\/uploads\/2020\/10\/2-389x300.jpg 389w, https:\/\/buracadasgrellas.es\/historia\/wp-content\/uploads\/2020\/10\/2.jpg 1786w\" sizes=\"(max-width: 1024px) 100vw, 1024px\" \/><\/figure><\/li><\/ul><\/figure>\n\n\n\n<p><strong>No Diccionario de Madoz,  que recopila informaci\u00f3n das aldeas de castela de 1846-1850 di:<\/strong><\/p>\n\n\n\n<h1 class=\"wp-block-heading\">NOCEDA (SAN PEDRO DE)<\/h1>\n\n\n\n<p>feligresia en la provincia y di\u00f3cesis de Lugo (10 leg. , partido judicial de Quiroga (6), y ayuntamiento de Caurel (4). siT.\u2019\u00e1 la der. del r. Lor y faldas de la sierra, CLIMA fri\u00f3 y dominado por los vientos del N. y E. comprende los L. de Noceda, Teigeira y Vuela, que re\u00fanen 8 CASAS y 32 casetas hay fuentes de buenas aguas, y una iglesia (San Pedro), con el cementerio junto \u00e1 ella, pero que no perjudica \u00e1 la salud p\u00fablica. El t\u00e9rmino se estiende por donde mas \u00e1 3\/4 leg., y confina por N. con San Juan de Padornelo; E. San Vicente de Losada; S. San Juan de Seoane, y alO. San Juan de Lozara cl TERRENO es montuoso, con arbolado de robles y casta\u00f1os, pero de buena calidad la parte destinada al cultivo le ba\u00f1an los r. Noceda y Vitela afluentes del Lor , y el arr. Teigeira que desemboca en el Lozara. Los CAMINOS que se dirigen al Cebrero y otros puntos son medianos , y sobre el Noceda est\u00e1 el puente del mismo nombre el CORREO se recibe de la Vega de Valc\u00e1rcel tres veces en la semana, PROD. centeno, patatas, casta\u00f1as, lino y legumbres ; cria ganado vacuno , cabr\u00edo, lanar y de cerda-, hay caza de perdices, liebres, corzos, jabal\u00edes, ciervos y osos ,\u00bby se pescan algunas truchas IND.\u00a0 la agr\u00edcola , telares caseros y molinos harineros, POBL.\u00a0 42 vec, 4 9 3 almas CONTR.\u00a0 con su ayuntamiento (V.)<\/p>\n\n\n\n<p class=\"justificar\"><strong>De 1700 no Obispado de Lugo :<\/strong><\/p>\n\n\n\n<p>La primera fuente de la que podemos echar mano es la visita de Lucas Bustos de la Torre. Su contenido es el siguiente:\u00a0<\/p>\n\n\n\n<figure class=\"wp-block-table\"><table><tbody><tr><td><strong>[492]<\/strong>&nbsp;<strong>San Pedro de Nozeda<\/strong>&nbsp;Cura don Joseph Saco y Armesto de hedad de quarenta y dos a\u00f1os. Oy Pedro Saco y Armesto.<a href=\"\/Users\/PC\/Dropbox\/Bustos\/#_ftn1\" target=\"_blank\" rel=\"noreferrer noopener\"><sup>[1]<\/sup><\/a>&nbsp;Presenta\u00e7i\u00f3n de legos. Lleva el cura todos los frutos, primi\u00e7ias la yglesia. Vale el curato tre\u00e7ientos ducados.Ai sacramento, pila bautismal, chrismeras de plata. Est\u00e1 medianamente surtida de ornamentos.Mayordomo Santiago Lolo. Tiene de alcanze final la yglesia a su favor 3086 reales y 10 maravedis. Queda comisi\u00f3n al cura para su cobran\u00e7a y le queda mandado componer las chrismeras de plata y que haga poner \u00e7erraduras con llaves en la pila bautismal y chrismeras y que haga una torre\u00e7illa para las campanas, para que se escusen los reparos que son necesarios continuamente estando en campanario y que componga la calzada para la entrada del atrio y con el residuo que compre unas colgaduras de damasquillo de lana para el monumento.No ai capellan\u00eda.Ai una cofrad\u00eda de la Visita\u00e7ion de Nuestra Se\u00f1ora. Queda comisi\u00f3n al cura para que tome las quentas.Ai tres hermitas, que est\u00e1n reparadas.Ai un sa\u00e7erdote patrimonial Antonio Teixeira.\u00cdtem que se haga un cuberti\u00e7o en la puerta del medio dia para defensa de las aguas.<\/td><\/tr><\/tbody><\/table><\/figure>\n\n\n\n<hr class=\"wp-block-separator\"\/>\n\n\n\n<p><a href=\"\/Users\/PC\/Dropbox\/Bustos\/#_ftnref1\" target=\"_blank\" rel=\"noreferrer noopener\"><sup>[1]<\/sup><\/a>&nbsp;Oy don Pedro Saco y Armesto] add. al. man. L<\/p>\n","protected":false},"excerpt":{"rendered":"<p>Marqu\u00e9s da ensenada s\u00e9culo XVIII No Diccionario de Madoz, que recopila informaci\u00f3n das aldeas de castela de 1846-1850 di: NOCEDA (SAN PEDRO DE) feligresia en la provincia y di\u00f3cesis de Lugo (10 leg. , partido judicial de Quiroga (6), y ayuntamiento de Caurel (4). siT.\u2019\u00e1 la der. del r. Lor y faldas de la sierra, [&hellip;]<\/p>\n","protected":false},"author":1,"featured_media":0,"parent":0,"menu_order":0,"comment_status":"closed","ping_status":"closed","template":"","meta":{"_monsterinsights_skip_tracking":false,"_monsterinsights_sitenote_active":false,"_monsterinsights_sitenote_note":"","_monsterinsights_sitenote_category":0,"footnotes":""},"class_list":["post-186","page","type-page","status-publish","hentry"],"yoast_head":"<!-- This site is optimized with the Yoast SEO plugin v22.7 - https:\/\/yoast.com\/wordpress\/plugins\/seo\/ -->\n<title>NOCEDA - Historias do Courel<\/title>\n<meta name=\"robots\" content=\"index, follow, max-snippet:-1, max-image-preview:large, max-video-preview:-1\" \/>\n<link rel=\"canonical\" href=\"https:\/\/buracadasgrellas.es\/historia\/?page_id=186\" \/>\n<meta property=\"og:locale\" content=\"es_ES\" \/>\n<meta property=\"og:type\" content=\"article\" \/>\n<meta property=\"og:title\" content=\"NOCEDA - Historias do Courel\" \/>\n<meta property=\"og:description\" content=\"Marqu\u00e9s da ensenada s\u00e9culo XVIII No Diccionario de Madoz, que recopila informaci\u00f3n das aldeas de castela de 1846-1850 di: NOCEDA (SAN PEDRO DE) feligresia en la provincia y di\u00f3cesis de Lugo (10 leg. , partido judicial de Quiroga (6), y ayuntamiento de Caurel (4). siT.\u2019\u00e1 la der. del r. Lor y faldas de la sierra, [&hellip;]\" \/>\n<meta property=\"og:url\" content=\"https:\/\/buracadasgrellas.es\/historia\/?page_id=186\" \/>\n<meta property=\"og:site_name\" content=\"Historias do Courel\" \/>\n<meta property=\"article:modified_time\" content=\"2020-10-19T12:22:48+00:00\" \/>\n<meta property=\"og:image\" content=\"http:\/\/buracadasgrellas.es\/historia\/wp-content\/uploads\/2020\/10\/1-710x1024.jpg\" \/>\n<meta name=\"twitter:card\" content=\"summary_large_image\" \/>\n<meta name=\"twitter:label1\" content=\"Tiempo de lectura\" \/>\n\t<meta name=\"twitter:data1\" content=\"3 minutos\" \/>\n<script type=\"application\/ld+json\" class=\"yoast-schema-graph\">{\"@context\":\"https:\/\/schema.org\",\"@graph\":[{\"@type\":\"WebPage\",\"@id\":\"https:\/\/buracadasgrellas.es\/historia\/?page_id=186\",\"url\":\"https:\/\/buracadasgrellas.es\/historia\/?page_id=186\",\"name\":\"NOCEDA - Historias do Courel\",\"isPartOf\":{\"@id\":\"https:\/\/buracadasgrellas.es\/historia\/#website\"},\"primaryImageOfPage\":{\"@id\":\"https:\/\/buracadasgrellas.es\/historia\/?page_id=186#primaryimage\"},\"image\":{\"@id\":\"https:\/\/buracadasgrellas.es\/historia\/?page_id=186#primaryimage\"},\"thumbnailUrl\":\"http:\/\/buracadasgrellas.es\/historia\/wp-content\/uploads\/2020\/10\/1-710x1024.jpg\",\"datePublished\":\"2020-10-03T18:32:57+00:00\",\"dateModified\":\"2020-10-19T12:22:48+00:00\",\"breadcrumb\":{\"@id\":\"https:\/\/buracadasgrellas.es\/historia\/?page_id=186#breadcrumb\"},\"inLanguage\":\"es\",\"potentialAction\":[{\"@type\":\"ReadAction\",\"target\":[\"https:\/\/buracadasgrellas.es\/historia\/?page_id=186\"]}]},{\"@type\":\"ImageObject\",\"inLanguage\":\"es\",\"@id\":\"https:\/\/buracadasgrellas.es\/historia\/?page_id=186#primaryimage\",\"url\":\"http:\/\/buracadasgrellas.es\/historia\/wp-content\/uploads\/2020\/10\/1-710x1024.jpg\",\"contentUrl\":\"http:\/\/buracadasgrellas.es\/historia\/wp-content\/uploads\/2020\/10\/1-710x1024.jpg\"},{\"@type\":\"BreadcrumbList\",\"@id\":\"https:\/\/buracadasgrellas.es\/historia\/?page_id=186#breadcrumb\",\"itemListElement\":[{\"@type\":\"ListItem\",\"position\":1,\"name\":\"Portada\",\"item\":\"https:\/\/buracadasgrellas.es\/historia\/\"},{\"@type\":\"ListItem\",\"position\":2,\"name\":\"NOCEDA\"}]},{\"@type\":\"WebSite\",\"@id\":\"https:\/\/buracadasgrellas.es\/historia\/#website\",\"url\":\"https:\/\/buracadasgrellas.es\/historia\/\",\"name\":\"Historias do Courel\",\"description\":\"Historia, lendas e contos do Courel, Caurel\",\"potentialAction\":[{\"@type\":\"SearchAction\",\"target\":{\"@type\":\"EntryPoint\",\"urlTemplate\":\"https:\/\/buracadasgrellas.es\/historia\/?s={search_term_string}\"},\"query-input\":\"required name=search_term_string\"}],\"inLanguage\":\"es\"}]}<\/script>\n<!-- \/ Yoast SEO plugin. -->","yoast_head_json":{"title":"NOCEDA - Historias do Courel","robots":{"index":"index","follow":"follow","max-snippet":"max-snippet:-1","max-image-preview":"max-image-preview:large","max-video-preview":"max-video-preview:-1"},"canonical":"https:\/\/buracadasgrellas.es\/historia\/?page_id=186","og_locale":"es_ES","og_type":"article","og_title":"NOCEDA - Historias do Courel","og_description":"Marqu\u00e9s da ensenada s\u00e9culo XVIII No Diccionario de Madoz, que recopila informaci\u00f3n das aldeas de castela de 1846-1850 di: NOCEDA (SAN PEDRO DE) feligresia en la provincia y di\u00f3cesis de Lugo (10 leg. , partido judicial de Quiroga (6), y ayuntamiento de Caurel (4). siT.\u2019\u00e1 la der. del r. Lor y faldas de la sierra, [&hellip;]","og_url":"https:\/\/buracadasgrellas.es\/historia\/?page_id=186","og_site_name":"Historias do Courel","article_modified_time":"2020-10-19T12:22:48+00:00","og_image":[{"url":"http:\/\/buracadasgrellas.es\/historia\/wp-content\/uploads\/2020\/10\/1-710x1024.jpg"}],"twitter_card":"summary_large_image","twitter_misc":{"Tiempo de lectura":"3 minutos"},"schema":{"@context":"https:\/\/schema.org","@graph":[{"@type":"WebPage","@id":"https:\/\/buracadasgrellas.es\/historia\/?page_id=186","url":"https:\/\/buracadasgrellas.es\/historia\/?page_id=186","name":"NOCEDA - Historias do Courel","isPartOf":{"@id":"https:\/\/buracadasgrellas.es\/historia\/#website"},"primaryImageOfPage":{"@id":"https:\/\/buracadasgrellas.es\/historia\/?page_id=186#primaryimage"},"image":{"@id":"https:\/\/buracadasgrellas.es\/historia\/?page_id=186#primaryimage"},"thumbnailUrl":"http:\/\/buracadasgrellas.es\/historia\/wp-content\/uploads\/2020\/10\/1-710x1024.jpg","datePublished":"2020-10-03T18:32:57+00:00","dateModified":"2020-10-19T12:22:48+00:00","breadcrumb":{"@id":"https:\/\/buracadasgrellas.es\/historia\/?page_id=186#breadcrumb"},"inLanguage":"es","potentialAction":[{"@type":"ReadAction","target":["https:\/\/buracadasgrellas.es\/historia\/?page_id=186"]}]},{"@type":"ImageObject","inLanguage":"es","@id":"https:\/\/buracadasgrellas.es\/historia\/?page_id=186#primaryimage","url":"http:\/\/buracadasgrellas.es\/historia\/wp-content\/uploads\/2020\/10\/1-710x1024.jpg","contentUrl":"http:\/\/buracadasgrellas.es\/historia\/wp-content\/uploads\/2020\/10\/1-710x1024.jpg"},{"@type":"BreadcrumbList","@id":"https:\/\/buracadasgrellas.es\/historia\/?page_id=186#breadcrumb","itemListElement":[{"@type":"ListItem","position":1,"name":"Portada","item":"https:\/\/buracadasgrellas.es\/historia\/"},{"@type":"ListItem","position":2,"name":"NOCEDA"}]},{"@type":"WebSite","@id":"https:\/\/buracadasgrellas.es\/historia\/#website","url":"https:\/\/buracadasgrellas.es\/historia\/","name":"Historias do Courel","description":"Historia, lendas e contos do Courel, Caurel","potentialAction":[{"@type":"SearchAction","target":{"@type":"EntryPoint","urlTemplate":"https:\/\/buracadasgrellas.es\/historia\/?s={search_term_string}"},"query-input":"required name=search_term_string"}],"inLanguage":"es"}]}},"_links":{"self":[{"href":"https:\/\/buracadasgrellas.es\/historia\/index.php?rest_route=\/wp\/v2\/pages\/186"}],"collection":[{"href":"https:\/\/buracadasgrellas.es\/historia\/index.php?rest_route=\/wp\/v2\/pages"}],"about":[{"href":"https:\/\/buracadasgrellas.es\/historia\/index.php?rest_route=\/wp\/v2\/types\/page"}],"author":[{"embeddable":true,"href":"https:\/\/buracadasgrellas.es\/historia\/index.php?rest_route=\/wp\/v2\/users\/1"}],"replies":[{"embeddable":true,"href":"https:\/\/buracadasgrellas.es\/historia\/index.php?rest_route=%2Fwp%2Fv2%2Fcomments&post=186"}],"version-history":[{"count":7,"href":"https:\/\/buracadasgrellas.es\/historia\/index.php?rest_route=\/wp\/v2\/pages\/186\/revisions"}],"predecessor-version":[{"id":621,"href":"https:\/\/buracadasgrellas.es\/historia\/index.php?rest_route=\/wp\/v2\/pages\/186\/revisions\/621"}],"wp:attachment":[{"href":"https:\/\/buracadasgrellas.es\/historia\/index.php?rest_route=%2Fwp%2Fv2%2Fmedia&parent=186"}],"curies":[{"name":"wp","href":"https:\/\/api.w.org\/{rel}","templated":true}]}}